{"id":14730,"date":"2024-03-21T12:48:41","date_gmt":"2024-03-21T11:48:41","guid":{"rendered":"https:\/\/www.eversfrank.com\/?page_id=14730"},"modified":"2024-04-22T10:51:59","modified_gmt":"2024-04-22T08:51:59","slug":"unsolicited-applications","status":"publish","type":"page","link":"https:\/\/www.eversfrank.com\/en\/career\/unsolicited-applications\/","title":{"rendered":"Unsolicited applications"},"content":{"rendered":"\t\t<div data-elementor-type=\"wp-page\" data-elementor-id=\"14730\" class=\"elementor elementor-14730 elementor-6085\" data-elementor-post-type=\"page\">\n\t\t\t\t<div class=\"elementor-element elementor-element-b0875fc e-flex e-con-boxed e-con e-parent\" data-id=\"b0875fc\" data-element_type=\"container\" data-settings=\"{&quot;jet_parallax_layout_list&quot;:[],&quot;background_background&quot;:&quot;classic&quot;}\">\n\t\t\t\t\t<div class=\"e-con-inner\">\n\t\t\t\t\t<\/div>\n\t\t\t\t<\/div>\n\t\t<div class=\"elementor-element elementor-element-252c7bc e-flex e-con-boxed e-con e-parent\" data-id=\"252c7bc\" data-element_type=\"container\" data-settings=\"{&quot;jet_parallax_layout_list&quot;:[],&quot;background_background&quot;:&quot;classic&quot;}\">\n\t\t\t\t\t<div class=\"e-con-inner\">\n\t\t\t\t<div class=\"elementor-element elementor-element-bd2b56d elementor-widget elementor-widget-breadcrumbs\" data-id=\"bd2b56d\" data-element_type=\"widget\" data-widget_type=\"breadcrumbs.default\">\n\t\t\t\t<div class=\"elementor-widget-container\">\n\t\t\t<p id=\"breadcrumbs\"><\/p>\t\t<\/div>\n\t\t\t\t<\/div>\n\t\t\t\t\t<\/div>\n\t\t\t\t<\/div>\n\t\t<div class=\"elementor-element elementor-element-5c1d028 e-flex e-con-boxed e-con e-parent\" data-id=\"5c1d028\" data-element_type=\"container\" data-settings=\"{&quot;jet_parallax_layout_list&quot;:[]}\">\n\t\t\t\t\t<div class=\"e-con-inner\">\n\t\t<div class=\"elementor-element elementor-element-d36aab8 e-con-full animated-slow e-flex elementor-invisible e-con e-child\" data-id=\"d36aab8\" data-element_type=\"container\" data-settings=\"{&quot;jet_parallax_layout_list&quot;:[],&quot;animation&quot;:&quot;fadeIn&quot;}\">\n\t\t<div class=\"elementor-element elementor-element-5d20e1a e-flex e-con-boxed e-con e-child\" data-id=\"5d20e1a\" data-element_type=\"container\" data-settings=\"{&quot;jet_parallax_layout_list&quot;:[]}\">\n\t\t\t\t\t<div class=\"e-con-inner\">\n\t\t<div class=\"elementor-element elementor-element-a8e4484 animated-slow e-flex e-con-boxed elementor-invisible e-con e-child\" data-id=\"a8e4484\" data-element_type=\"container\" data-settings=\"{&quot;jet_parallax_layout_list&quot;:[],&quot;animation&quot;:&quot;fadeIn&quot;}\">\n\t\t\t\t\t<div class=\"e-con-inner\">\n\t\t\t\t<div class=\"elementor-element elementor-element-e840583 elementor-widget elementor-widget-heading\" data-id=\"e840583\" data-element_type=\"widget\" data-widget_type=\"heading.default\">\n\t\t\t\t<div class=\"elementor-widget-container\">\n\t\t\t<h1 class=\"elementor-heading-title elementor-size-default\">We are always on the look-out for capable employees<\/h1>\t\t<\/div>\n\t\t\t\t<\/div>\n\t\t\t\t<div class=\"elementor-element elementor-element-246a32c elementor-widget elementor-widget-html\" data-id=\"246a32c\" data-element_type=\"widget\" data-widget_type=\"html.default\">\n\t\t\t\t<div class=\"elementor-widget-container\">\n\t\t\t<div class=\"scroll-indicator-container\">\n  <div class=\"scroll-indicator\"><\/div>\n<\/div>\n\t\t<\/div>\n\t\t\t\t<\/div>\n\t\t\t\t<div class=\"elementor-element elementor-element-a07f78d elementor-widget__width-initial elementor-widget elementor-widget-text-editor\" data-id=\"a07f78d\" data-element_type=\"widget\" data-widget_type=\"text-editor.default\">\n\t\t\t\t<div class=\"elementor-widget-container\">\n\t\t\t\t\t\t\t<p>We are always on the look-out for dedicated people. If you have the skills and abilities to help us progress still further, we would love to hear from you.<\/p><p>Send us a brief, motivated application with your CV. We will contact you if we have a position that corresponds with your qualifications.<\/p><p>Send your application to\u00a0<a href=\"mailto:job@stibo.com\">job@stibo.com<\/a>. All applications will of course be treated in strict confidentiality.<\/p><p>We automatically delete your data 180 days after receipt of your application.<\/p>\t\t\t\t\t\t<\/div>\n\t\t\t\t<\/div>\n\t\t\t\t<div class=\"elementor-element elementor-element-ba5e159 elementor-widget elementor-widget-image\" data-id=\"ba5e159\" data-element_type=\"widget\" data-widget_type=\"image.default\">\n\t\t\t\t<div class=\"elementor-widget-container\">\n\t\t\t\t\t\t\t\t\t\t\t\t\t<img fetchpriority=\"high\" decoding=\"async\" width=\"800\" height=\"455\" src=\"https:\/\/www.eversfrank.com\/wp-content\/uploads\/2024\/03\/karriere_billede-1024x582.jpg\" class=\"attachment-large size-large wp-image-6408\" alt=\"\" srcset=\"https:\/\/www.eversfrank.com\/wp-content\/uploads\/2024\/03\/karriere_billede-1024x582.jpg 1024w, https:\/\/www.eversfrank.com\/wp-content\/uploads\/2024\/03\/karriere_billede-300x170.jpg 300w, https:\/\/www.eversfrank.com\/wp-content\/uploads\/2024\/03\/karriere_billede-768x436.jpg 768w, https:\/\/www.eversfrank.com\/wp-content\/uploads\/2024\/03\/karriere_billede.jpg 1320w\" sizes=\"(max-width: 800px) 100vw, 800px\" \/>\t\t\t\t\t\t\t\t\t\t\t\t\t<\/div>\n\t\t\t\t<\/div>\n\t\t\t\t\t<\/div>\n\t\t\t\t<\/div>\n\t\t\t\t\t<\/div>\n\t\t\t\t<\/div>\n\t\t\t\t<\/div>\n\t\t<div class=\"elementor-element elementor-element-65431b8 e-flex e-con-boxed e-con e-child\" data-id=\"65431b8\" data-element_type=\"container\" data-settings=\"{&quot;background_background&quot;:&quot;classic&quot;,&quot;jet_parallax_layout_list&quot;:[]}\">\n\t\t\t\t\t<div class=\"e-con-inner\">\n\t\t<div class=\"elementor-element elementor-element-05db22e e-con-full bgef e-flex elementor-invisible e-con e-child\" data-id=\"05db22e\" data-element_type=\"container\" data-settings=\"{&quot;background_background&quot;:&quot;classic&quot;,&quot;jet_parallax_layout_list&quot;:[],&quot;sticky&quot;:&quot;top&quot;,&quot;sticky_offset&quot;:90,&quot;sticky_parent&quot;:&quot;yes&quot;,&quot;animation&quot;:&quot;fadeInUp&quot;,&quot;sticky_on&quot;:[&quot;desktop&quot;,&quot;tablet&quot;],&quot;sticky_effects_offset&quot;:0,&quot;sticky_anchor_link_offset&quot;:0}\">\n\t\t<div class=\"elementor-element elementor-element-0165f2c e-flex e-con-boxed e-con e-child\" data-id=\"0165f2c\" data-element_type=\"container\" data-settings=\"{&quot;jet_parallax_layout_list&quot;:[]}\">\n\t\t\t\t\t<div class=\"e-con-inner\">\n\t\t<div class=\"elementor-element elementor-element-9ccf013 animated-slow e-flex e-con-boxed elementor-invisible e-con e-child\" data-id=\"9ccf013\" data-element_type=\"container\" data-settings=\"{&quot;jet_parallax_layout_list&quot;:[],&quot;background_background&quot;:&quot;classic&quot;,&quot;animation&quot;:&quot;fadeIn&quot;}\">\n\t\t\t\t\t<div class=\"e-con-inner\">\n\t\t<div class=\"elementor-element elementor-element-75aa35d e-con-full e-flex e-con e-child\" data-id=\"75aa35d\" data-element_type=\"container\" data-settings=\"{&quot;jet_parallax_layout_list&quot;:[]}\">\n\t\t\t\t<div class=\"elementor-element elementor-element-b8990ea elementor-widget elementor-widget-heading\" data-id=\"b8990ea\" data-element_type=\"widget\" data-widget_type=\"heading.default\">\n\t\t\t\t<div class=\"elementor-widget-container\">\n\t\t\t<h3 class=\"elementor-heading-title elementor-size-default\"><span style=\"color:#fff\">We are always keen to hear from capable people for our sales, production and administration departments.<\/span><\/h3>\t\t<\/div>\n\t\t\t\t<\/div>\n\t\t\t\t<div class=\"elementor-element elementor-element-55c38b3 elementor-widget elementor-widget-html\" data-id=\"55c38b3\" data-element_type=\"widget\" data-widget_type=\"html.default\">\n\t\t\t\t<div class=\"elementor-widget-container\">\n\t\t\t<script>\n    \/\/ Funktionen der k\u00f8rer, n\u00e5r der scrolles p\u00e5 siden\n    window.onscroll = function() {\n        \/\/ V\u00e6lg elementet med klassen '.bgef'\n        var element = document.querySelector('.bgef');\n        \n        \/\/ Check scroll position\n        if (document.body.scrollTop > 30 || document.documentElement.scrollTop > 30) {\n            \/\/ Skift baggrundsfarve til en ny farve\n            element.style.backgroundColor = \"#012B3C\"; \/\/ Ny farve n\u00e5r brugeren har scrollet\n        } else {\n            \/\/ Skift tilbage til den oprindelige farve\n            element.style.backgroundColor = \"#053A50\"; \/\/ Oprindelig farve\n        }\n    };\n<\/script>\t\t<\/div>\n\t\t\t\t<\/div>\n\t\t\t\t<div class=\"elementor-element elementor-element-85e410d elementor-align-justify elementor-widget elementor-widget-button\" data-id=\"85e410d\" data-element_type=\"widget\" data-widget_type=\"button.default\">\n\t\t\t\t<div class=\"elementor-widget-container\">\n\t\t\t\t\t\t\t<div class=\"elementor-button-wrapper\">\n\t\t\t\t\t<a class=\"elementor-button elementor-button-link elementor-size-sm\" href=\"https:\/\/www.eversfrank.com\/en\/vacancies\/\">\n\t\t\t\t\t\t<span class=\"elementor-button-content-wrapper\">\n\t\t\t\t\t\t\t\t\t<span class=\"elementor-button-text\">See vacant positions<\/span>\n\t\t\t\t\t<\/span>\n\t\t\t\t\t<\/a>\n\t\t\t\t<\/div>\n\t\t\t\t\t\t<\/div>\n\t\t\t\t<\/div>\n\t\t\t\t<\/div>\n\t\t\t\t\t<\/div>\n\t\t\t\t<\/div>\n\t\t\t\t\t<\/div>\n\t\t\t\t<\/div>\n\t\t\t\t<\/div>\n\t\t\t\t\t<\/div>\n\t\t\t\t<\/div>\n\t\t\t\t\t<\/div>\n\t\t\t\t<\/div>\n\t\t\t\t<\/div>\n\t\t","protected":false},"excerpt":{"rendered":"<p>We are always on the look-out for capable employees We are always on the look-out for dedicated people. If you have the skills and abilities to help us progress still further, we would love to hear from you. Send us a brief, motivated application with your CV. We will contact you if we have a [&hellip;]<\/p>\n","protected":false},"author":1,"featured_media":0,"parent":14735,"menu_order":0,"comment_status":"closed","ping_status":"closed","template":"","meta":{"footnotes":""},"class_list":["post-14730","page","type-page","status-publish","hentry"],"yoast_head":"<!-- This site is optimized with the Yoast SEO plugin v24.0 - https:\/\/yoast.com\/wordpress\/plugins\/seo\/ -->\n<title>Unsolicited applications | EversFrank<\/title>\n<meta name=\"robots\" content=\"index, follow, max-snippet:-1, max-image-preview:large, max-video-preview:-1\" \/>\n<link rel=\"canonical\" href=\"https:\/\/www.eversfrank.com\/en\/career\/unsolicited-applications\/\" \/>\n<meta property=\"og:locale\" content=\"en_US\" \/>\n<meta property=\"og:type\" content=\"article\" \/>\n<meta property=\"og:title\" content=\"Unsolicited applications | EversFrank\" \/>\n<meta property=\"og:description\" content=\"We are always on the look-out for capable employees We are always on the look-out for dedicated people. If you have the skills and abilities to help us progress still further, we would love to hear from you. Send us a brief, motivated application with your CV. We will contact you if we have a [&hellip;]\" \/>\n<meta property=\"og:url\" content=\"https:\/\/www.eversfrank.com\/en\/career\/unsolicited-applications\/\" \/>\n<meta property=\"og:site_name\" content=\"EversFrank\" \/>\n<meta property=\"article:modified_time\" content=\"2024-04-22T08:51:59+00:00\" \/>\n<meta property=\"og:image\" content=\"https:\/\/www.eversfrank.com\/wp-content\/uploads\/2024\/03\/karriere_billede-1024x582.jpg\" \/>\n<meta name=\"twitter:card\" content=\"summary_large_image\" \/>\n<meta name=\"twitter:label1\" content=\"Est. reading time\" \/>\n\t<meta name=\"twitter:data1\" content=\"1 minute\" \/>\n<script type=\"application\/ld+json\" class=\"yoast-schema-graph\">{\"@context\":\"https:\/\/schema.org\",\"@graph\":[{\"@type\":\"WebPage\",\"@id\":\"https:\/\/www.eversfrank.com\/en\/career\/unsolicited-applications\/\",\"url\":\"https:\/\/www.eversfrank.com\/en\/career\/unsolicited-applications\/\",\"name\":\"Unsolicited applications | EversFrank\",\"isPartOf\":{\"@id\":\"https:\/\/www.eversfrank.com\/en\/#website\"},\"primaryImageOfPage\":{\"@id\":\"https:\/\/www.eversfrank.com\/en\/career\/unsolicited-applications\/#primaryimage\"},\"image\":{\"@id\":\"https:\/\/www.eversfrank.com\/en\/career\/unsolicited-applications\/#primaryimage\"},\"thumbnailUrl\":\"https:\/\/www.eversfrank.com\/wp-content\/uploads\/2024\/03\/karriere_billede-1024x582.jpg\",\"datePublished\":\"2024-03-21T11:48:41+00:00\",\"dateModified\":\"2024-04-22T08:51:59+00:00\",\"breadcrumb\":{\"@id\":\"https:\/\/www.eversfrank.com\/en\/career\/unsolicited-applications\/#breadcrumb\"},\"inLanguage\":\"en-US\",\"potentialAction\":[{\"@type\":\"ReadAction\",\"target\":[\"https:\/\/www.eversfrank.com\/en\/career\/unsolicited-applications\/\"]}]},{\"@type\":\"ImageObject\",\"inLanguage\":\"en-US\",\"@id\":\"https:\/\/www.eversfrank.com\/en\/career\/unsolicited-applications\/#primaryimage\",\"url\":\"https:\/\/www.eversfrank.com\/wp-content\/uploads\/2024\/03\/karriere_billede-1024x582.jpg\",\"contentUrl\":\"https:\/\/www.eversfrank.com\/wp-content\/uploads\/2024\/03\/karriere_billede-1024x582.jpg\"},{\"@type\":\"BreadcrumbList\",\"@id\":\"https:\/\/www.eversfrank.com\/en\/career\/unsolicited-applications\/#breadcrumb\",\"itemListElement\":[{\"@type\":\"ListItem\",\"position\":1,\"name\":\"Career\",\"item\":\"https:\/\/www.eversfrank.com\/en\/sv\/karriar\/\"},{\"@type\":\"ListItem\",\"position\":2,\"name\":\"Unsolicited applications\"}]},{\"@type\":\"WebSite\",\"@id\":\"https:\/\/www.eversfrank.com\/en\/#website\",\"url\":\"https:\/\/www.eversfrank.com\/en\/\",\"name\":\"EversFrank\",\"description\":\"Better Marketing Solutions\",\"publisher\":{\"@id\":\"https:\/\/www.eversfrank.com\/en\/#organization\"},\"potentialAction\":[{\"@type\":\"SearchAction\",\"target\":{\"@type\":\"EntryPoint\",\"urlTemplate\":\"https:\/\/www.eversfrank.com\/en\/?s={search_term_string}\"},\"query-input\":{\"@type\":\"PropertyValueSpecification\",\"valueRequired\":true,\"valueName\":\"search_term_string\"}}],\"inLanguage\":\"en-US\"},{\"@type\":\"Organization\",\"@id\":\"https:\/\/www.eversfrank.com\/en\/#organization\",\"name\":\"EversFrank\",\"url\":\"https:\/\/www.eversfrank.com\/en\/\",\"logo\":{\"@type\":\"ImageObject\",\"inLanguage\":\"en-US\",\"@id\":\"https:\/\/www.eversfrank.com\/en\/#\/schema\/logo\/image\/\",\"url\":\"https:\/\/www.eversfrank.com\/wp-content\/uploads\/2024\/02\/Evers-Logo.png\",\"contentUrl\":\"https:\/\/www.eversfrank.com\/wp-content\/uploads\/2024\/02\/Evers-Logo.png\",\"width\":1701,\"height\":544,\"caption\":\"EversFrank\"},\"image\":{\"@id\":\"https:\/\/www.eversfrank.com\/en\/#\/schema\/logo\/image\/\"}}]}<\/script>\n<!-- \/ Yoast SEO plugin. -->","yoast_head_json":{"title":"Unsolicited applications | EversFrank","robots":{"index":"index","follow":"follow","max-snippet":"max-snippet:-1","max-image-preview":"max-image-preview:large","max-video-preview":"max-video-preview:-1"},"canonical":"https:\/\/www.eversfrank.com\/en\/career\/unsolicited-applications\/","og_locale":"en_US","og_type":"article","og_title":"Unsolicited applications | EversFrank","og_description":"We are always on the look-out for capable employees We are always on the look-out for dedicated people. If you have the skills and abilities to help us progress still further, we would love to hear from you. Send us a brief, motivated application with your CV. We will contact you if we have a [&hellip;]","og_url":"https:\/\/www.eversfrank.com\/en\/career\/unsolicited-applications\/","og_site_name":"EversFrank","article_modified_time":"2024-04-22T08:51:59+00:00","og_image":[{"url":"https:\/\/www.eversfrank.com\/wp-content\/uploads\/2024\/03\/karriere_billede-1024x582.jpg","type":"","width":"","height":""}],"twitter_card":"summary_large_image","twitter_misc":{"Est. reading time":"1 minute"},"schema":{"@context":"https:\/\/schema.org","@graph":[{"@type":"WebPage","@id":"https:\/\/www.eversfrank.com\/en\/career\/unsolicited-applications\/","url":"https:\/\/www.eversfrank.com\/en\/career\/unsolicited-applications\/","name":"Unsolicited applications | EversFrank","isPartOf":{"@id":"https:\/\/www.eversfrank.com\/en\/#website"},"primaryImageOfPage":{"@id":"https:\/\/www.eversfrank.com\/en\/career\/unsolicited-applications\/#primaryimage"},"image":{"@id":"https:\/\/www.eversfrank.com\/en\/career\/unsolicited-applications\/#primaryimage"},"thumbnailUrl":"https:\/\/www.eversfrank.com\/wp-content\/uploads\/2024\/03\/karriere_billede-1024x582.jpg","datePublished":"2024-03-21T11:48:41+00:00","dateModified":"2024-04-22T08:51:59+00:00","breadcrumb":{"@id":"https:\/\/www.eversfrank.com\/en\/career\/unsolicited-applications\/#breadcrumb"},"inLanguage":"en-US","potentialAction":[{"@type":"ReadAction","target":["https:\/\/www.eversfrank.com\/en\/career\/unsolicited-applications\/"]}]},{"@type":"ImageObject","inLanguage":"en-US","@id":"https:\/\/www.eversfrank.com\/en\/career\/unsolicited-applications\/#primaryimage","url":"https:\/\/www.eversfrank.com\/wp-content\/uploads\/2024\/03\/karriere_billede-1024x582.jpg","contentUrl":"https:\/\/www.eversfrank.com\/wp-content\/uploads\/2024\/03\/karriere_billede-1024x582.jpg"},{"@type":"BreadcrumbList","@id":"https:\/\/www.eversfrank.com\/en\/career\/unsolicited-applications\/#breadcrumb","itemListElement":[{"@type":"ListItem","position":1,"name":"Career","item":"https:\/\/www.eversfrank.com\/en\/sv\/karriar\/"},{"@type":"ListItem","position":2,"name":"Unsolicited applications"}]},{"@type":"WebSite","@id":"https:\/\/www.eversfrank.com\/en\/#website","url":"https:\/\/www.eversfrank.com\/en\/","name":"EversFrank","description":"Better Marketing Solutions","publisher":{"@id":"https:\/\/www.eversfrank.com\/en\/#organization"},"potentialAction":[{"@type":"SearchAction","target":{"@type":"EntryPoint","urlTemplate":"https:\/\/www.eversfrank.com\/en\/?s={search_term_string}"},"query-input":{"@type":"PropertyValueSpecification","valueRequired":true,"valueName":"search_term_string"}}],"inLanguage":"en-US"},{"@type":"Organization","@id":"https:\/\/www.eversfrank.com\/en\/#organization","name":"EversFrank","url":"https:\/\/www.eversfrank.com\/en\/","logo":{"@type":"ImageObject","inLanguage":"en-US","@id":"https:\/\/www.eversfrank.com\/en\/#\/schema\/logo\/image\/","url":"https:\/\/www.eversfrank.com\/wp-content\/uploads\/2024\/02\/Evers-Logo.png","contentUrl":"https:\/\/www.eversfrank.com\/wp-content\/uploads\/2024\/02\/Evers-Logo.png","width":1701,"height":544,"caption":"EversFrank"},"image":{"@id":"https:\/\/www.eversfrank.com\/en\/#\/schema\/logo\/image\/"}}]}},"_links":{"self":[{"href":"https:\/\/www.eversfrank.com\/en\/wp-json\/wp\/v2\/pages\/14730","targetHints":{"allow":["GET"]}}],"collection":[{"href":"https:\/\/www.eversfrank.com\/en\/wp-json\/wp\/v2\/pages"}],"about":[{"href":"https:\/\/www.eversfrank.com\/en\/wp-json\/wp\/v2\/types\/page"}],"author":[{"embeddable":true,"href":"https:\/\/www.eversfrank.com\/en\/wp-json\/wp\/v2\/users\/1"}],"replies":[{"embeddable":true,"href":"https:\/\/www.eversfrank.com\/en\/wp-json\/wp\/v2\/comments?post=14730"}],"version-history":[{"count":7,"href":"https:\/\/www.eversfrank.com\/en\/wp-json\/wp\/v2\/pages\/14730\/revisions"}],"predecessor-version":[{"id":14742,"href":"https:\/\/www.eversfrank.com\/en\/wp-json\/wp\/v2\/pages\/14730\/revisions\/14742"}],"up":[{"embeddable":true,"href":"https:\/\/www.eversfrank.com\/en\/wp-json\/wp\/v2\/pages\/14735"}],"wp:attachment":[{"href":"https:\/\/www.eversfrank.com\/en\/wp-json\/wp\/v2\/media?parent=14730"}],"curies":[{"name":"wp","href":"https:\/\/api.w.org\/{rel}","templated":true}]}}